{"id":179,"date":"2013-05-13T12:41:24","date_gmt":"2013-05-13T11:41:24","guid":{"rendered":"http:\/\/www.kulickovy-park.cz\/?page_id=179"},"modified":"2022-10-20T07:14:29","modified_gmt":"2022-10-20T07:14:29","slug":"uvodni-stranka","status":"publish","type":"page","link":"https:\/\/kulickovy-park.cz\/","title":{"rendered":"V\u00edtejte na str\u00e1nk\u00e1ch Kuli\u010dkov\u00e9ho parku"},"content":{"rendered":"<div id=\"pl-179\"  class=\"panel-layout\" ><div id=\"pg-179-0\"  class=\"panel-grid panel-no-style\" ><div id=\"pgc-179-0-0\"  class=\"panel-grid-cell\" ><div id=\"panel-179-0-0-0\" class=\"so-panel widget widget_sow-editor panel-first-child panel-last-child\" data-index=\"0\" ><div\n\t\t\t\n\t\t\tclass=\"so-widget-sow-editor so-widget-sow-editor-base\"\n\t\t\t\n\t\t>\n<div class=\"siteorigin-widget-tinymce textwidget\">\n\t<p>Kuli\u010dkov\u00fd park byl zalo\u017een na ja\u0159e 2012 firmou Ginzel, s.r.o., kter\u00e1 je tak\u00e9 jeho sou\u010dasn\u00fdm provozovatelem. Jeho c\u00edlem je znovu o\u017eivit jednu z nejstar\u0161\u00edch her v\u016fbec - cvrnk\u00e1n\u00ed kuli\u010dek. Snad ka\u017ed\u00fd z n\u00e1s m\u011bl n\u011bjak\u00e9 ty cvrnkac\u00ed kuli\u010dky, pov\u011bt\u0161inou hlin\u011bn\u00e9, a sklen\u011bn\u00e9 si schov\u00e1val jako sv\u016fj nejv\u011bt\u0161\u00ed poklad. Dnes u\u017e doba postoupila a na\u0161e firma Ginzel, s.r.o. v\u00e1m nab\u00edz\u00ed p\u0159es pades\u00e1t druh\u016f sklen\u011bn\u00fdch cvrnkac\u00edch kuli\u010dek.<\/p>\n<p>Na drah\u00e1ch parku si m\u016f\u017eete zacvrnkat <strong>zcela zdarma<\/strong>. Park se nach\u00e1z\u00ed p\u0159\u00edmo na zelen\u00e9 plo\u0161e n\u00e1m\u011bst\u00ed Lod\u011bnice. Pobl\u00ed\u017e h\u0159i\u0161t\u011b je na\u0161e prodejna, kde si m\u016f\u017eete ka\u017ed\u00fd v\u0161edn\u00ed den zakoupit cvrnka\u010dky a jin\u00e9 sklen\u011bn\u00e9 zbo\u017e\u00ed. Prodejna b\u00fdv\u00e1 p\u0159ed sv\u00e1tky a o pr\u00e1zdnin\u00e1ch ob\u010das otev\u0159ena i o v\u00edkendech - pro v\u00edce informac\u00ed sledujte facebook nebo <a title=\"E-shop sklen\u011bn\u00e9 kuli\u010dky\" href=\"http:\/\/www.sklenene-kulicky.cz\/\" target=\"_blank\">www.sklenene-kulicky.cz<\/a>. Pokud bude prodejna zav\u0159en\u00e1, m\u016f\u017eete si kuli\u010dky zakoupit v na\u0161em Kuli\u010dkomatu p\u0159\u00edmo u prodejny.<\/p>\n<p>\u00a0<\/p>\n<\/div>\n<\/div><\/div><\/div><\/div><div id=\"pg-179-1\"  class=\"panel-grid panel-no-style\" ><div id=\"pgc-179-1-0\"  class=\"panel-grid-cell\" ><div id=\"panel-179-1-0-0\" class=\"so-panel widget widget_sow-image panel-first-child panel-last-child\" data-index=\"1\" ><div\n\t\t\t\n\t\t\tclass=\"so-widget-sow-image so-widget-sow-image-default-8b5b6f678277-179\"\n\t\t\t\n\t\t>\n<div class=\"sow-image-container\">\n\t\t<img fetchpriority=\"high\" \n\tsrc=\"https:\/\/kulickovy-park.cz\/wp-content\/uploads\/2013\/05\/holcicka-300x199.jpg\" width=\"300\" height=\"199\" srcset=\"https:\/\/kulickovy-park.cz\/wp-content\/uploads\/2013\/05\/holcicka-300x199.jpg 300w, https:\/\/kulickovy-park.cz\/wp-content\/uploads\/2013\/05\/holcicka-768x509.jpg 768w, https:\/\/kulickovy-park.cz\/wp-content\/uploads\/2013\/05\/holcicka-1024x678.jpg 1024w\" sizes=\"(max-width: 300px) 100vw, 300px\" alt=\"\" \t\tclass=\"so-widget-image\"\/>\n\t<\/div>\n\n<\/div><\/div><\/div><div id=\"pgc-179-1-1\"  class=\"panel-grid-cell\" ><div id=\"panel-179-1-1-0\" class=\"so-panel widget widget_sow-image panel-first-child panel-last-child\" data-index=\"2\" ><div\n\t\t\t\n\t\t\tclass=\"so-widget-sow-image so-widget-sow-image-default-8b5b6f678277-179\"\n\t\t\t\n\t\t>\n<div class=\"sow-image-container\">\n\t\t<img \n\tsrc=\"https:\/\/kulickovy-park.cz\/wp-content\/uploads\/2013\/05\/ptacek-300x199.jpg\" width=\"300\" height=\"199\" srcset=\"https:\/\/kulickovy-park.cz\/wp-content\/uploads\/2013\/05\/ptacek-300x199.jpg 300w, https:\/\/kulickovy-park.cz\/wp-content\/uploads\/2013\/05\/ptacek-768x509.jpg 768w, https:\/\/kulickovy-park.cz\/wp-content\/uploads\/2013\/05\/ptacek-1024x678.jpg 1024w\" sizes=\"(max-width: 300px) 100vw, 300px\" alt=\"\" \t\tclass=\"so-widget-image\"\/>\n\t<\/div>\n\n<\/div><\/div><\/div><div id=\"pgc-179-1-2\"  class=\"panel-grid-cell\" ><div id=\"panel-179-1-2-0\" class=\"so-panel widget widget_sow-image panel-first-child panel-last-child\" data-index=\"3\" ><div\n\t\t\t\n\t\t\tclass=\"so-widget-sow-image so-widget-sow-image-default-8b5b6f678277-179\"\n\t\t\t\n\t\t>\n<div class=\"sow-image-container\">\n\t\t<img \n\tsrc=\"https:\/\/kulickovy-park.cz\/wp-content\/uploads\/2013\/05\/tereivet2-300x199.jpg\" width=\"300\" height=\"199\" srcset=\"https:\/\/kulickovy-park.cz\/wp-content\/uploads\/2013\/05\/tereivet2-300x199.jpg 300w, https:\/\/kulickovy-park.cz\/wp-content\/uploads\/2013\/05\/tereivet2-768x509.jpg 768w, https:\/\/kulickovy-park.cz\/wp-content\/uploads\/2013\/05\/tereivet2-1024x678.jpg 1024w\" sizes=\"(max-width: 300px) 100vw, 300px\" alt=\"\" \t\tclass=\"so-widget-image\"\/>\n\t<\/div>\n\n<\/div><\/div><\/div><\/div><div id=\"pg-179-2\"  class=\"panel-grid panel-no-style\" ><div id=\"pgc-179-2-0\"  class=\"panel-grid-cell\" ><div id=\"panel-179-2-0-0\" class=\"so-panel widget widget_sow-editor panel-first-child panel-last-child\" data-index=\"4\" ><div\n\t\t\t\n\t\t\tclass=\"so-widget-sow-editor so-widget-sow-editor-base\"\n\t\t\t\n\t\t>\n<div class=\"siteorigin-widget-tinymce textwidget\">\n\t<p>Obec <a title=\"Obec Lod\u011bnice\" href=\"http:\/\/www.lodenice.cz\/\" target=\"_blank\">Lod\u011bnice<\/a>\u00a0le\u017e\u00ed z\u00e1padn\u011b od Prahy sm\u011br na Plze\u0148 na des\u00e1t\u00e9m kilometru d\u00e1lnice D5. Ze Zli\u010d\u00edna jezd\u00ed zhruba ka\u017edou p\u016fl hodinu autobus linky 380, 384 a C20, kter\u00fd d\u00e1le pokra\u010duje do Berouna. P\u0159\u00edpadn\u011b se m\u016f\u017eete ze Sm\u00edchova sv\u00e9zt vlakem.<\/p>\n<p>Kuli\u010dkov\u00fd park si m\u016f\u017eete bezplatn\u011b rezervovat pro svou firemn\u00ed nebo soukromou akci a uspo\u0159\u00e1dat turnaj ve cvrnk\u00e1n\u00ed kuli\u010dek. N\u00e1v\u0161t\u011bvu parku a uspo\u0159\u00e1d\u00e1n\u00ed turnaje je mo\u017en\u00e9 pojmout jako teambuildingovou akci. P\u0159\u00edmo u parku je restaurace a penzion Ve Stolet\u00ed.<\/p>\n<\/div>\n<\/div><\/div><\/div><\/div><div id=\"pg-179-3\"  class=\"panel-grid panel-no-style\" ><div id=\"pgc-179-3-0\"  class=\"panel-grid-cell\" ><div id=\"panel-179-3-0-0\" class=\"so-panel widget widget_circleicon-widget panel-first-child panel-last-child\" data-index=\"5\" >\t\t<div class=\"circle-icon-box circle-icon-position-top circle-icon-hide-box circle-icon-size-small \">\n\t\t\t\t\t\t\t<div class=\"circle-icon-wrapper\">\n\t\t\t\t\t\t\t\t\t\t<div class=\"circle-icon\" >\n\t\t\t\t\t\t\t\t\t\t\t\t\t<div\n\t\t\t\t\t\t\t\tclass=\"fa fa-child\"\n\t\t\t\t\t\t\t\t\t\t\t\t\t\t\t><\/div>\n\t\t\t\t\t\t\t\t\t\t\t<\/div>\n\t\t\t\t\t\t\t\t\t<\/div>\n\t\t\t\n\t\t\t\t\t\t\t\t\t\t<h4 >\n\t\t\t\t\tSkv\u011bl\u00e1 z\u00e1bava pro d\u011bti\t\t\t\t<\/h4>\n\t\t\t\t\t\t\n\t\t\t\t\t\t\t<p class=\"text\" >\n\t\t\t\tKone\u010dn\u011b vyv\u011br\u00e1te sv\u00e9 d\u011bti, kter\u00e9 dnes tr\u00e1v\u00ed tolik \u010dasu u po\u010d\u00edta\u010de.\t\t\t<\/p>\n\t\t\t\t\t\t\t\t<\/div>\n\t\t<\/div><\/div><div id=\"pgc-179-3-1\"  class=\"panel-grid-cell\" ><div id=\"panel-179-3-1-0\" class=\"so-panel widget widget_circleicon-widget panel-first-child panel-last-child\" data-index=\"6\" >\t\t<div class=\"circle-icon-box circle-icon-position-top circle-icon-hide-box circle-icon-size-small \">\n\t\t\t\t\t\t\t<div class=\"circle-icon-wrapper\">\n\t\t\t\t\t\t\t\t\t\t<div class=\"circle-icon\" >\n\t\t\t\t\t\t\t\t\t\t\t\t\t<div\n\t\t\t\t\t\t\t\tclass=\"fa fa-wifi\"\n\t\t\t\t\t\t\t\t\t\t\t\t\t\t\t><\/div>\n\t\t\t\t\t\t\t\t\t\t\t<\/div>\n\t\t\t\t\t\t\t\t\t<\/div>\n\t\t\t\n\t\t\t\t\t\t\t\t\t\t<h4 >\n\t\t\t\t\tWifi \t\t\t\t<\/h4>\n\t\t\t\t\t\t\n\t\t\t\t\t\t\t<p class=\"text\" >\n\t\t\t\tWifi? Tak tu u n\u00e1s nenajdete. Kuli\u010dkov\u00fd park se postar\u00e1 o Va\u0161i bezdr\u00e1tovou z\u00e1bavu. Doslova\t\t\t<\/p>\n\t\t\t\t\t\t\t\t<\/div>\n\t\t<\/div><\/div><div id=\"pgc-179-3-2\"  class=\"panel-grid-cell\" ><div id=\"panel-179-3-2-0\" class=\"so-panel widget widget_circleicon-widget panel-first-child panel-last-child\" data-index=\"7\" >\t\t<div class=\"circle-icon-box circle-icon-position-top circle-icon-hide-box circle-icon-size-small \">\n\t\t\t\t\t\t\t<div class=\"circle-icon-wrapper\">\n\t\t\t\t\t\t\t\t\t\t<a href=\"https:\/\/sklenene-kulicky.cz\/\" class=\"link-icon\" target=\"_blank\">\t\t\t\t\t<div class=\"circle-icon icon-style-set\" style=\"background-image: url(https:\/\/sklenene-kulicky.cz\/)\">\n\t\t\t\t\t\t\t\t\t\t\t\t\t<div\n\t\t\t\t\t\t\t\tclass=\"fa fa-shopping-cart  icon-style-set\"\n\t\t\t\t\t\t\t\t\t\t\t\t\t\t\t><\/div>\n\t\t\t\t\t\t\t\t\t\t\t<\/div>\n\t\t\t\t\t<\/a>\t\t\t\t<\/div>\n\t\t\t\n\t\t\t\t\t\t\t<a\n\t\t\t\t\thref=\"https:\/\/sklenene-kulicky.cz\/\"\n\t\t\t\t\tclass=\"link-title\" target=&quot;_blank&quot;\t\t\t\t>\n\t\t\t\t\t\t\t\t\t\t<h4 >\n\t\t\t\t\tProdejna\t\t\t\t<\/h4>\n\t\t\t\t\t\t\t\t\t\t<\/a>\n\t\t\t\n\t\t\t\t\t\t\t<p class=\"text\" >\n\t\t\t\tKuli\u010dky si m\u016f\u017eete koupit na prodejn\u011b nebo na e-shopu\t\t\t<\/p>\n\t\t\t\t\t\t\t\t\t\t<a\n\t\t\t\t\thref=\"https:\/\/sklenene-kulicky.cz\/\"\n\t\t\t\t\tclass=\"more-button\"\n\t\t\t\t\ttarget=&quot;_blank&quot;\t\t\t\t>\n\t\t\t\t\thttps:\/\/sklenene-kulicky.cz\/\t\t\t\t\t<i><\/i>\n\t\t\t\t<\/a>\n\t\t\t\t\t<\/div>\n\t\t<\/div><\/div><\/div><\/div>","protected":false},"excerpt":{"rendered":"<p>Kuli\u010dkov\u00fd park byl zalo\u017een na ja\u0159e 2012 firmou Ginzel, s.r.o., kter\u00e1 je tak\u00e9 jeho sou\u010dasn\u00fdm provozovatelem. Jeho c\u00edlem je znovu o\u017eivit jednu z nejstar\u0161\u00edch her v\u016fbec &#8211; cvrnk\u00e1n\u00ed kuli\u010dek. Snad ka\u017ed\u00fd z n\u00e1s m\u011bl n\u011bjak\u00e9 ty cvrnkac\u00ed kuli\u010dky, pov\u011bt\u0161inou hlin\u011bn\u00e9, a sklen\u011bn\u00e9 si schov\u00e1val jako sv\u016fj nejv\u011bt\u0161\u00ed poklad. Dnes u\u017e doba postoupila a na\u0161e firma [&hellip;]<\/p>\n","protected":false},"author":1,"featured_media":0,"parent":0,"menu_order":0,"comment_status":"closed","ping_status":"closed","template":"","meta":{"footnotes":""},"class_list":["post-179","page","type-page","status-publish","hentry","post"],"_links":{"self":[{"href":"https:\/\/kulickovy-park.cz\/index.php?rest_route=\/wp\/v2\/pages\/179","targetHints":{"allow":["GET"]}}],"collection":[{"href":"https:\/\/kulickovy-park.cz\/index.php?rest_route=\/wp\/v2\/pages"}],"about":[{"href":"https:\/\/kulickovy-park.cz\/index.php?rest_route=\/wp\/v2\/types\/page"}],"author":[{"embeddable":true,"href":"https:\/\/kulickovy-park.cz\/index.php?rest_route=\/wp\/v2\/users\/1"}],"replies":[{"embeddable":true,"href":"https:\/\/kulickovy-park.cz\/index.php?rest_route=%2Fwp%2Fv2%2Fcomments&post=179"}],"version-history":[{"count":0,"href":"https:\/\/kulickovy-park.cz\/index.php?rest_route=\/wp\/v2\/pages\/179\/revisions"}],"wp:attachment":[{"href":"https:\/\/kulickovy-park.cz\/index.php?rest_route=%2Fwp%2Fv2%2Fmedia&parent=179"}],"curies":[{"name":"wp","href":"https:\/\/api.w.org\/{rel}","templated":true}]}}